{"id":1251,"date":"2025-04-15T17:51:16","date_gmt":"2025-04-15T20:51:16","guid":{"rendered":"https:\/\/ellenmesquita.adv.br\/?page_id=1251"},"modified":"2026-02-25T14:39:17","modified_gmt":"2026-02-25T17:39:17","slug":"industria-criativa","status":"publish","type":"page","link":"https:\/\/ellenmesquita.adv.br\/en\/industria-criativa\/","title":{"rendered":"Creative Industry."},"content":{"rendered":"<style>.elementor-1251 .elementor-element.elementor-element-e2ea696 > .elementor-container{max-width:1170px;}.elementor-1251 .elementor-element.elementor-element-e2ea696:not(.elementor-motion-effects-element-type-background), .elementor-1251 .elementor-element.elementor-element-e2ea696 > .elementor-motion-effects-container > .elementor-motion-effects-layer{background-image:url(\"https:\/\/ellenmesquita.adv.br\/wp-content\/uploads\/2023\/10\/fotoetre.webp\");background-position:0px 90%;background-repeat:no-repeat;background-size:cover;}.elementor-1251 .elementor-element.elementor-element-e2ea696 > .elementor-background-overlay{background-color:transparent;background-image:linear-gradient(180deg, #C72562 0%, var( --e-global-color-d07606d ) 100%);opacity:0.52;transition:background 0.3s, border-radius 0.3s, opacity 0.3s;}.elementor-1251 .elementor-element.elementor-element-e2ea696{transition:background 0.3s, border 0.3s, border-radius 0.3s, box-shadow 0.3s;padding:120px 0px 120px 0px;}.elementor-1251 .elementor-element.elementor-element-c1c77ff.elementor-column > .elementor-widget-wrap{justify-content:center;}.elementor-1251 .elementor-element.elementor-element-745b7ca{text-align:center;}.elementor-1251 .elementor-element.elementor-element-745b7ca .elementor-heading-title{font-family:var( --e-global-typography-46a49aa-font-family ), Sans-serif;font-size:var( --e-global-typography-46a49aa-font-size );font-weight:var( --e-global-typography-46a49aa-font-weight );line-height:var( --e-global-typography-46a49aa-line-height );letter-spacing:var( --e-global-typography-46a49aa-letter-spacing );word-spacing:var( --e-global-typography-46a49aa-word-spacing );color:#FFFFFF;}.elementor-1251 .elementor-element.elementor-element-8df4af9{margin-top:0px;margin-bottom:60px;}.elementor-1251 .elementor-element.elementor-element-3c96915 > .elementor-widget-container{margin:60px 0px 0px 0px;}.elementor-1251 .elementor-element.elementor-element-fa06aed > .elementor-container > .elementor-column > .elementor-widget-wrap{align-content:center;align-items:center;}.elementor-1251 .elementor-element.elementor-element-fa06aed:not(.elementor-motion-effects-element-type-background), .elementor-1251 .elementor-element.elementor-element-fa06aed > .elementor-motion-effects-container > .elementor-motion-effects-layer{background-image:url(\"https:\/\/ellenmesquita.adv.br\/wp-content\/uploads\/2023\/11\/slide9.webp\");background-position:center center;background-repeat:no-repeat;background-size:cover;}.elementor-1251 .elementor-element.elementor-element-fa06aed > .elementor-background-overlay{background-color:#FFFFFF;opacity:0.72;transition:background 0.3s, border-radius 0.3s, opacity 0.3s;}.elementor-1251 .elementor-element.elementor-element-fa06aed, .elementor-1251 .elementor-element.elementor-element-fa06aed > .elementor-background-overlay{border-radius:0px 0px 0px 0px;}.elementor-1251 .elementor-element.elementor-element-fa06aed{transition:background 0.3s, border 0.3s, border-radius 0.3s, box-shadow 0.3s;margin-top:40px;margin-bottom:0px;padding:15px 15px 15px 15px;}.elementor-1251 .elementor-element.elementor-element-95f6475 .elementor-heading-title{font-family:\"Lato\", Sans-serif;font-size:22px;font-weight:600;line-height:1.3em;color:var( --e-global-color-primary );}.elementor-1251 .elementor-element.elementor-element-cf3ca33{font-size:16px;font-weight:600;line-height:17px;color:var( --e-global-color-secondary );}.elementor-1251 .elementor-element.elementor-element-6e77286 .elementor-button{font-family:var( --e-global-typography-8686d61-font-family ), Sans-serif;font-size:var( --e-global-typography-8686d61-font-size );font-weight:var( --e-global-typography-8686d61-font-weight );text-transform:var( --e-global-typography-8686d61-text-transform );line-height:var( --e-global-typography-8686d61-line-height );letter-spacing:var( --e-global-typography-8686d61-letter-spacing );word-spacing:var( --e-global-typography-8686d61-word-spacing );fill:#FFFFFF;color:#FFFFFF;background-color:var( --e-global-color-secondary );border-radius:0px 0px 0px 0px;padding:15px 30px 15px 30px;}.elementor-1251 .elementor-element.elementor-element-6e77286 > .elementor-widget-container{margin:0px 0px 0px 0px;}:root{--page-title-display:none;}@media(min-width:768px){.elementor-1251 .elementor-element.elementor-element-1c25cd4{width:76.139%;}.elementor-1251 .elementor-element.elementor-element-43523b5{width:23.817%;}}@media(max-width:1024px){.elementor-1251 .elementor-element.elementor-element-e2ea696:not(.elementor-motion-effects-element-type-background), .elementor-1251 .elementor-element.elementor-element-e2ea696 > .elementor-motion-effects-container > .elementor-motion-effects-layer{background-position:0px 0px;}.elementor-1251 .elementor-element.elementor-element-e2ea696{padding:80px 10px 80px 10px;}.elementor-1251 .elementor-element.elementor-element-745b7ca .elementor-heading-title{font-size:var( --e-global-typography-46a49aa-font-size );line-height:var( --e-global-typography-46a49aa-line-height );letter-spacing:var( --e-global-typography-46a49aa-letter-spacing );word-spacing:var( --e-global-typography-46a49aa-word-spacing );}.elementor-1251 .elementor-element.elementor-element-6e77286 .elementor-button{font-size:var( --e-global-typography-8686d61-font-size );line-height:var( --e-global-typography-8686d61-line-height );letter-spacing:var( --e-global-typography-8686d61-letter-spacing );word-spacing:var( --e-global-typography-8686d61-word-spacing );}.elementor-1251 .elementor-element.elementor-element-6e77286 > .elementor-widget-container{margin:0px 0px 0px 0px;padding:0px 0px 0px 0px;}}@media(max-width:767px){.elementor-1251 .elementor-element.elementor-element-e2ea696:not(.elementor-motion-effects-element-type-background), .elementor-1251 .elementor-element.elementor-element-e2ea696 > .elementor-motion-effects-container > .elementor-motion-effects-layer{background-image:url(\"https:\/\/ellenmesquita.adv.br\/wp-content\/uploads\/2023\/10\/fotoetre.webp\");background-position:0px 0px;}.elementor-1251 .elementor-element.elementor-element-e2ea696 > .elementor-background-overlay{opacity:0.77;}.elementor-1251 .elementor-element.elementor-element-e2ea696{padding:40px 10px 40px 10px;}.elementor-1251 .elementor-element.elementor-element-745b7ca .elementor-heading-title{font-size:var( --e-global-typography-46a49aa-font-size );line-height:var( --e-global-typography-46a49aa-line-height );letter-spacing:var( --e-global-typography-46a49aa-letter-spacing );word-spacing:var( --e-global-typography-46a49aa-word-spacing );}.elementor-1251 .elementor-element.elementor-element-745b7ca > .elementor-widget-container{margin:0px 0px -10px 0px;}.elementor-1251 .elementor-element.elementor-element-8df4af9{padding:0px 20px 20px 20px;}.elementor-1251 .elementor-element.elementor-element-3c96915 > .elementor-widget-container{margin:20px 0px 0px 0px;}.elementor-1251 .elementor-element.elementor-element-fa06aed{margin-top:0px;margin-bottom:40px;}.elementor-1251 .elementor-element.elementor-element-95f6475 .elementor-heading-title{font-size:20px;}.elementor-1251 .elementor-element.elementor-element-6e77286 .elementor-button{font-size:var( --e-global-typography-8686d61-font-size );line-height:var( --e-global-typography-8686d61-line-height );letter-spacing:var( --e-global-typography-8686d61-letter-spacing );word-spacing:var( --e-global-typography-8686d61-word-spacing );padding:15px 30px 15px 30px;}}\/* Start custom CSS for text-editor, class: .elementor-element-3c96915 *\/.bloco {\n    text-align: justify;\n}\/* End custom CSS *\/<\/style>\t\t<div data-elementor-type=\"wp-page\" data-elementor-id=\"1251\" class=\"elementor elementor-1251\" data-elementor-post-type=\"page\">\n\t\t\t\t\t\t<section class=\"elementor-section elementor-top-section elementor-element elementor-element-e2ea696 elementor-section-boxed elementor-section-height-default elementor-section-height-default\" data-id=\"e2ea696\" data-element_type=\"section\" data-e-type=\"section\" data-settings=\"{&quot;background_background&quot;:&quot;classic&quot;}\">\n\t\t\t\t\t\t\t<div class=\"elementor-background-overlay\"><\/div>\n\t\t\t\t\t\t\t<div class=\"elementor-container elementor-column-gap-default\">\n\t\t\t\t\t<div class=\"elementor-column elementor-col-100 elementor-top-column elementor-element elementor-element-c1c77ff\" data-id=\"c1c77ff\" data-element_type=\"column\" data-e-type=\"column\">\n\t\t\t<div class=\"elementor-widget-wrap elementor-element-populated\">\n\t\t\t\t\t\t<div class=\"elementor-element elementor-element-745b7ca elementor-widget elementor-widget-heading\" data-id=\"745b7ca\" data-element_type=\"widget\" data-e-type=\"widget\" data-widget_type=\"heading.default\">\n\t\t\t\t<div class=\"elementor-widget-container\">\n\t\t\t\t\t<h2 class=\"elementor-heading-title elementor-size-default\">Creative Industry.<\/h2>\t\t\t\t<\/div>\n\t\t\t\t<\/div>\n\t\t\t\t\t<\/div>\n\t\t<\/div>\n\t\t\t\t\t<\/div>\n\t\t<\/section>\n\t\t\t\t<section class=\"elementor-section elementor-top-section elementor-element elementor-element-8df4af9 elementor-section-boxed elementor-section-height-default elementor-section-height-default\" data-id=\"8df4af9\" data-element_type=\"section\" data-e-type=\"section\">\n\t\t\t\t\t\t<div class=\"elementor-container elementor-column-gap-default\">\n\t\t\t\t\t<div class=\"elementor-column elementor-col-50 elementor-top-column elementor-element elementor-element-1c25cd4\" data-id=\"1c25cd4\" data-element_type=\"column\" data-e-type=\"column\">\n\t\t\t<div class=\"elementor-widget-wrap elementor-element-populated\">\n\t\t\t\t\t\t<div class=\"elementor-element elementor-element-3c96915 bloco elementor-widget elementor-widget-text-editor\" data-id=\"3c96915\" data-element_type=\"widget\" data-e-type=\"widget\" data-widget_type=\"text-editor.default\">\n\t\t\t\t<div class=\"elementor-widget-container\">\n\t\t\t\t\t\t\t\t\t<p><strong>Do conceito ao mercado, com seguran\u00e7a<\/strong><\/p><p>A ind\u00fastria criativa vive de ideias que viram projetos, projetos que viram neg\u00f3cios, neg\u00f3cios que viram cultura. Mas entre a ideia e o impacto existe um caminho cheio de decis\u00f5es jur\u00eddicas que podem acelerar ou travar tudo.<\/p><p>Atuamos fortemente no ramo da inova\u00e7\u00e3o, empreendedorismo e economia criativa. Oferecemos suporte jur\u00eddico integral para seu neg\u00f3cio ou projeto \u2014 da concep\u00e7\u00e3o at\u00e9 a opera\u00e7\u00e3o plena no mercado.<\/p><p>Nosso compromisso \u00e9 garantir que todas as bases legais estejam s\u00f3lidas enquanto voc\u00ea foca no que faz de melhor: criar.<\/p><p><strong>PARA QUEM:<\/strong><\/p><ul><li>Startups e empreendedores criativos<\/li><li>Produtoras e est\u00fadios<\/li><li>Artistas e criadores de conte\u00fado<\/li><li>Ag\u00eancias e empresas de comunica\u00e7\u00e3o<\/li><li>Desenvolvedores de games e apps<\/li><li>Projetos culturais e sociais<\/li><\/ul><p><strong>O QUE OFERECEMOS:<\/strong><\/p><ul><li>Estrutura\u00e7\u00e3o jur\u00eddica de neg\u00f3cios criativos<\/li><li>Contratos de parceria, sociedade e colabora\u00e7\u00e3o<\/li><li>Prote\u00e7\u00e3o de propriedade intelectual<\/li><li>Capta\u00e7\u00e3o de recursos e leis de incentivo<\/li><\/ul><p>\u2022 Acompanhamento do projeto do in\u00edcio ao lan\u00e7amento<\/p>\t\t\t\t\t\t\t\t<\/div>\n\t\t\t\t<\/div>\n\t\t\t\t\t<\/div>\n\t\t<\/div>\n\t\t\t\t<div class=\"elementor-column elementor-col-50 elementor-top-column elementor-element elementor-element-43523b5\" data-id=\"43523b5\" data-element_type=\"column\" data-e-type=\"column\">\n\t\t\t<div class=\"elementor-widget-wrap elementor-element-populated\">\n\t\t\t\t\t\t<section class=\"elementor-section elementor-inner-section elementor-element elementor-element-fa06aed elementor-section-content-middle elementor-section-boxed elementor-section-height-default elementor-section-height-default\" data-id=\"fa06aed\" data-element_type=\"section\" data-e-type=\"section\" data-settings=\"{&quot;background_background&quot;:&quot;classic&quot;}\">\n\t\t\t\t\t\t\t<div class=\"elementor-background-overlay\"><\/div>\n\t\t\t\t\t\t\t<div class=\"elementor-container elementor-column-gap-default\">\n\t\t\t\t\t<div class=\"elementor-column elementor-col-100 elementor-inner-column elementor-element elementor-element-c3ee1af\" data-id=\"c3ee1af\" data-element_type=\"column\" data-e-type=\"column\">\n\t\t\t<div class=\"elementor-widget-wrap elementor-element-populated\">\n\t\t\t\t\t\t<div class=\"elementor-element elementor-element-95f6475 elementor-widget elementor-widget-heading\" data-id=\"95f6475\" data-element_type=\"widget\" data-e-type=\"widget\" data-widget_type=\"heading.default\">\n\t\t\t\t<div class=\"elementor-widget-container\">\n\t\t\t\t\t<h2 class=\"elementor-heading-title elementor-size-default\">Get a Free Quote or Schedule an Appointment<\/h2>\t\t\t\t<\/div>\n\t\t\t\t<\/div>\n\t\t\t\t<div class=\"elementor-element elementor-element-cf3ca33 elementor-widget elementor-widget-text-editor\" data-id=\"cf3ca33\" data-element_type=\"widget\" data-e-type=\"widget\" data-widget_type=\"text-editor.default\">\n\t\t\t\t<div class=\"elementor-widget-container\">\n\t\t\t\t\t\t\t\t\t<p>Learn more about our services and schedule a consultation with no obligation.<\/p>\t\t\t\t\t\t\t\t<\/div>\n\t\t\t\t<\/div>\n\t\t\t\t<div class=\"elementor-element elementor-element-6e77286 elementor-align-left elementor-widget elementor-widget-button\" data-id=\"6e77286\" data-element_type=\"widget\" data-e-type=\"widget\" data-widget_type=\"button.default\">\n\t\t\t\t<div class=\"elementor-widget-container\">\n\t\t\t\t\t\t\t\t\t<div class=\"elementor-button-wrapper\">\n\t\t\t\t\t<a class=\"elementor-button elementor-button-link elementor-size-lg elementor-animation-float\" href=\"https:\/\/wa.me\/5511975521083\">\n\t\t\t\t\t\t<span class=\"elementor-button-content-wrapper\">\n\t\t\t\t\t\t\t\t\t<span class=\"elementor-button-text\">Schedule<\/span>\n\t\t\t\t\t<\/span>\n\t\t\t\t\t<\/a>\n\t\t\t\t<\/div>\n\t\t\t\t\t\t\t\t<\/div>\n\t\t\t\t<\/div>\n\t\t\t\t\t<\/div>\n\t\t<\/div>\n\t\t\t\t\t<\/div>\n\t\t<\/section>\n\t\t\t\t\t<\/div>\n\t\t<\/div>\n\t\t\t\t\t<\/div>\n\t\t<\/section>\n\t\t\t\t<\/div>","protected":false},"excerpt":{"rendered":"<p>Ind\u00fastria Criativa Do conceito ao mercado, com seguran\u00e7a A ind\u00fastria criativa vive de ideias que viram projetos, projetos que viram neg\u00f3cios, neg\u00f3cios que viram cultura. Mas entre a ideia e o impacto existe um caminho cheio de decis\u00f5es jur\u00eddicas que podem acelerar ou travar tudo. Atuamos fortemente no ramo da inova\u00e7\u00e3o, empreendedorismo e economia criativa. [&hellip;]<\/p>\n","protected":false},"author":1,"featured_media":0,"parent":0,"menu_order":0,"comment_status":"closed","ping_status":"closed","template":"","meta":{"footnotes":""},"class_list":["post-1251","page","type-page","status-publish","hentry"],"_links":{"self":[{"href":"https:\/\/ellenmesquita.adv.br\/en\/wp-json\/wp\/v2\/pages\/1251","targetHints":{"allow":["GET"]}}],"collection":[{"href":"https:\/\/ellenmesquita.adv.br\/en\/wp-json\/wp\/v2\/pages"}],"about":[{"href":"https:\/\/ellenmesquita.adv.br\/en\/wp-json\/wp\/v2\/types\/page"}],"author":[{"embeddable":true,"href":"https:\/\/ellenmesquita.adv.br\/en\/wp-json\/wp\/v2\/users\/1"}],"replies":[{"embeddable":true,"href":"https:\/\/ellenmesquita.adv.br\/en\/wp-json\/wp\/v2\/comments?post=1251"}],"version-history":[{"count":13,"href":"https:\/\/ellenmesquita.adv.br\/en\/wp-json\/wp\/v2\/pages\/1251\/revisions"}],"predecessor-version":[{"id":1552,"href":"https:\/\/ellenmesquita.adv.br\/en\/wp-json\/wp\/v2\/pages\/1251\/revisions\/1552"}],"wp:attachment":[{"href":"https:\/\/ellenmesquita.adv.br\/en\/wp-json\/wp\/v2\/media?parent=1251"}],"curies":[{"name":"wp","href":"https:\/\/api.w.org\/{rel}","templated":true}]}}