{"id":632,"date":"2023-11-03T18:30:49","date_gmt":"2023-11-03T21:30:49","guid":{"rendered":"https:\/\/ellenmesquita.adv.br\/?page_id=632"},"modified":"2026-02-25T10:24:55","modified_gmt":"2026-02-25T13:24:55","slug":"esg","status":"publish","type":"page","link":"https:\/\/ellenmesquita.adv.br\/en\/esg\/","title":{"rendered":"ESG"},"content":{"rendered":"<style>.elementor-632 .elementor-element.elementor-element-7f96d3b > .elementor-container{max-width:1170px;}.elementor-632 .elementor-element.elementor-element-7f96d3b:not(.elementor-motion-effects-element-type-background), .elementor-632 .elementor-element.elementor-element-7f96d3b > .elementor-motion-effects-container > .elementor-motion-effects-layer{background-image:url(\"https:\/\/ellenmesquita.adv.br\/wp-content\/uploads\/2023\/11\/esgbanner.webp\");background-position:0px 90%;background-repeat:no-repeat;background-size:cover;}.elementor-632 .elementor-element.elementor-element-7f96d3b > .elementor-background-overlay{background-color:var( --e-global-color-secondary );opacity:0.41;transition:background 0.3s, border-radius 0.3s, opacity 0.3s;}.elementor-632 .elementor-element.elementor-element-7f96d3b{transition:background 0.3s, border 0.3s, border-radius 0.3s, box-shadow 0.3s;padding:120px 0px 120px 0px;}.elementor-632 .elementor-element.elementor-element-6b9bcdf.elementor-column > .elementor-widget-wrap{justify-content:center;}.elementor-632 .elementor-element.elementor-element-1713280{text-align:center;}.elementor-632 .elementor-element.elementor-element-1713280 .elementor-heading-title{font-family:var( --e-global-typography-46a49aa-font-family ), Sans-serif;font-size:var( --e-global-typography-46a49aa-font-size );font-weight:var( --e-global-typography-46a49aa-font-weight );line-height:var( --e-global-typography-46a49aa-line-height );letter-spacing:var( --e-global-typography-46a49aa-letter-spacing );word-spacing:var( --e-global-typography-46a49aa-word-spacing );color:var( --e-global-color-9936719 );}.elementor-632 .elementor-element.elementor-element-c4577b8{margin-top:0px;margin-bottom:60px;}.elementor-632 .elementor-element.elementor-element-eb11b8f > .elementor-widget-container{margin:60px 0px 0px 0px;}.elementor-632 .elementor-element.elementor-element-b37af01 .elementor-accordion-icon, .elementor-632 .elementor-element.elementor-element-b37af01 .elementor-accordion-title{color:var( --e-global-color-text );}.elementor-632 .elementor-element.elementor-element-b37af01 .elementor-accordion-icon svg{fill:var( --e-global-color-text );}.elementor-632 .elementor-element.elementor-element-b37af01 .elementor-active .elementor-accordion-icon, .elementor-632 .elementor-element.elementor-element-b37af01 .elementor-active .elementor-accordion-title{color:var( --e-global-color-secondary );}.elementor-632 .elementor-element.elementor-element-b37af01 .elementor-active .elementor-accordion-icon svg{fill:var( --e-global-color-secondary );}.elementor-632 .elementor-element.elementor-element-b37af01 .elementor-tab-title .elementor-accordion-icon i:before{color:var( --e-global-color-secondary );}.elementor-632 .elementor-element.elementor-element-b37af01 .elementor-tab-title .elementor-accordion-icon svg{fill:var( --e-global-color-secondary );}.elementor-632 .elementor-element.elementor-element-b37af01 .elementor-tab-content{background-color:#FDFBFB;}.elementor-632 .elementor-element.elementor-element-cbfdd2d > .elementor-container > .elementor-column > .elementor-widget-wrap{align-content:center;align-items:center;}.elementor-632 .elementor-element.elementor-element-cbfdd2d:not(.elementor-motion-effects-element-type-background), .elementor-632 .elementor-element.elementor-element-cbfdd2d > .elementor-motion-effects-container > .elementor-motion-effects-layer{background-image:url(\"https:\/\/ellenmesquita.adv.br\/wp-content\/uploads\/2023\/11\/slide9.webp\");background-position:center center;background-repeat:no-repeat;background-size:cover;}.elementor-632 .elementor-element.elementor-element-cbfdd2d > .elementor-background-overlay{background-color:#FFFFFF;opacity:0.72;transition:background 0.3s, border-radius 0.3s, opacity 0.3s;}.elementor-632 .elementor-element.elementor-element-cbfdd2d, .elementor-632 .elementor-element.elementor-element-cbfdd2d > .elementor-background-overlay{border-radius:0px 0px 0px 0px;}.elementor-632 .elementor-element.elementor-element-cbfdd2d{transition:background 0.3s, border 0.3s, border-radius 0.3s, box-shadow 0.3s;margin-top:40px;margin-bottom:0px;padding:15px 15px 15px 15px;}.elementor-632 .elementor-element.elementor-element-4c86441 .elementor-heading-title{font-family:var( --e-global-typography-43d2739-font-family ), Sans-serif;font-size:var( --e-global-typography-43d2739-font-size );font-weight:var( --e-global-typography-43d2739-font-weight );line-height:var( --e-global-typography-43d2739-line-height );letter-spacing:var( --e-global-typography-43d2739-letter-spacing );word-spacing:var( --e-global-typography-43d2739-word-spacing );color:var( --e-global-color-primary );}.elementor-632 .elementor-element.elementor-element-d263e62{font-size:16px;font-weight:600;line-height:17px;color:var( --e-global-color-secondary );}.elementor-632 .elementor-element.elementor-element-5118bb9 .elementor-button{font-family:var( --e-global-typography-8686d61-font-family ), Sans-serif;font-size:var( --e-global-typography-8686d61-font-size );font-weight:var( --e-global-typography-8686d61-font-weight );text-transform:var( --e-global-typography-8686d61-text-transform );line-height:var( --e-global-typography-8686d61-line-height );letter-spacing:var( --e-global-typography-8686d61-letter-spacing );word-spacing:var( --e-global-typography-8686d61-word-spacing );fill:#FFFFFF;color:#FFFFFF;background-color:var( --e-global-color-secondary );border-radius:0px 0px 0px 0px;padding:15px 30px 15px 30px;}.elementor-632 .elementor-element.elementor-element-5118bb9 > .elementor-widget-container{margin:0px 0px 0px 0px;}:root{--page-title-display:none;}@media(min-width:768px){.elementor-632 .elementor-element.elementor-element-5142670{width:76.139%;}.elementor-632 .elementor-element.elementor-element-c9861b2{width:23.817%;}}@media(max-width:1024px){.elementor-632 .elementor-element.elementor-element-7f96d3b:not(.elementor-motion-effects-element-type-background), .elementor-632 .elementor-element.elementor-element-7f96d3b > .elementor-motion-effects-container > .elementor-motion-effects-layer{background-position:0px 0px;}.elementor-632 .elementor-element.elementor-element-7f96d3b{padding:80px 10px 80px 10px;}.elementor-632 .elementor-element.elementor-element-1713280 .elementor-heading-title{font-size:var( --e-global-typography-46a49aa-font-size );line-height:var( --e-global-typography-46a49aa-line-height );letter-spacing:var( --e-global-typography-46a49aa-letter-spacing );word-spacing:var( --e-global-typography-46a49aa-word-spacing );}.elementor-632 .elementor-element.elementor-element-4c86441 .elementor-heading-title{font-size:var( --e-global-typography-43d2739-font-size );line-height:var( --e-global-typography-43d2739-line-height );letter-spacing:var( --e-global-typography-43d2739-letter-spacing );word-spacing:var( --e-global-typography-43d2739-word-spacing );}.elementor-632 .elementor-element.elementor-element-5118bb9 .elementor-button{font-size:var( --e-global-typography-8686d61-font-size );line-height:var( --e-global-typography-8686d61-line-height );letter-spacing:var( --e-global-typography-8686d61-letter-spacing );word-spacing:var( --e-global-typography-8686d61-word-spacing );}.elementor-632 .elementor-element.elementor-element-5118bb9 > .elementor-widget-container{margin:0px 0px 0px 0px;padding:0px 0px 0px 0px;}}@media(max-width:767px){.elementor-632 .elementor-element.elementor-element-7f96d3b:not(.elementor-motion-effects-element-type-background), .elementor-632 .elementor-element.elementor-element-7f96d3b > .elementor-motion-effects-container > .elementor-motion-effects-layer{background-image:url(\"https:\/\/ellenmesquita.adv.br\/wp-content\/uploads\/2023\/11\/esgbanner.webp\");background-position:0px 0px;}.elementor-632 .elementor-element.elementor-element-7f96d3b > .elementor-background-overlay{opacity:0.55;}.elementor-632 .elementor-element.elementor-element-7f96d3b{padding:40px 10px 40px 10px;}.elementor-632 .elementor-element.elementor-element-1713280 .elementor-heading-title{font-size:var( --e-global-typography-46a49aa-font-size );line-height:var( --e-global-typography-46a49aa-line-height );letter-spacing:var( --e-global-typography-46a49aa-letter-spacing );word-spacing:var( --e-global-typography-46a49aa-word-spacing );}.elementor-632 .elementor-element.elementor-element-1713280 > .elementor-widget-container{margin:0px 0px -10px 0px;}.elementor-632 .elementor-element.elementor-element-c4577b8{padding:0px 20px 20px 20px;}.elementor-632 .elementor-element.elementor-element-eb11b8f > .elementor-widget-container{margin:20px 0px 0px 0px;}.elementor-632 .elementor-element.elementor-element-b37af01 .elementor-tab-title{padding:20px 20px 20px 20px;}.elementor-632 .elementor-element.elementor-element-b37af01 .elementor-accordion-icon{margin-inline-end:7px;}.elementor-632 .elementor-element.elementor-element-cbfdd2d{margin-top:0px;margin-bottom:40px;}.elementor-632 .elementor-element.elementor-element-4c86441 .elementor-heading-title{font-size:var( --e-global-typography-43d2739-font-size );line-height:var( --e-global-typography-43d2739-line-height );letter-spacing:var( --e-global-typography-43d2739-letter-spacing );word-spacing:var( --e-global-typography-43d2739-word-spacing );}.elementor-632 .elementor-element.elementor-element-5118bb9 .elementor-button{font-size:var( --e-global-typography-8686d61-font-size );line-height:var( --e-global-typography-8686d61-line-height );letter-spacing:var( --e-global-typography-8686d61-letter-spacing );word-spacing:var( --e-global-typography-8686d61-word-spacing );padding:15px 30px 15px 30px;}}\/* Start custom CSS for text-editor, class: .elementor-element-eb11b8f *\/.bloco {\n    text-align: justify;\n}\/* End custom CSS *\/<\/style>\t\t<div data-elementor-type=\"wp-page\" data-elementor-id=\"632\" class=\"elementor elementor-632\" data-elementor-post-type=\"page\">\n\t\t\t\t\t\t<section class=\"elementor-section elementor-top-section elementor-element elementor-element-7f96d3b elementor-section-boxed elementor-section-height-default elementor-section-height-default\" data-id=\"7f96d3b\" data-element_type=\"section\" data-e-type=\"section\" data-settings=\"{&quot;background_background&quot;:&quot;classic&quot;}\">\n\t\t\t\t\t\t\t<div class=\"elementor-background-overlay\"><\/div>\n\t\t\t\t\t\t\t<div class=\"elementor-container elementor-column-gap-default\">\n\t\t\t\t\t<div class=\"elementor-column elementor-col-100 elementor-top-column elementor-element elementor-element-6b9bcdf\" data-id=\"6b9bcdf\" data-element_type=\"column\" data-e-type=\"column\">\n\t\t\t<div class=\"elementor-widget-wrap elementor-element-populated\">\n\t\t\t\t\t\t<div class=\"elementor-element elementor-element-1713280 elementor-widget elementor-widget-heading\" data-id=\"1713280\" data-element_type=\"widget\" data-e-type=\"widget\" data-widget_type=\"heading.default\">\n\t\t\t\t<div class=\"elementor-widget-container\">\n\t\t\t\t\t<h2 class=\"elementor-heading-title elementor-size-default\">ESG Environmental,\nSocial and Governance<\/h2>\t\t\t\t<\/div>\n\t\t\t\t<\/div>\n\t\t\t\t\t<\/div>\n\t\t<\/div>\n\t\t\t\t\t<\/div>\n\t\t<\/section>\n\t\t\t\t<section class=\"elementor-section elementor-top-section elementor-element elementor-element-c4577b8 elementor-section-boxed elementor-section-height-default elementor-section-height-default\" data-id=\"c4577b8\" data-element_type=\"section\" data-e-type=\"section\">\n\t\t\t\t\t\t<div class=\"elementor-container elementor-column-gap-default\">\n\t\t\t\t\t<div class=\"elementor-column elementor-col-50 elementor-top-column elementor-element elementor-element-5142670\" data-id=\"5142670\" data-element_type=\"column\" data-e-type=\"column\">\n\t\t\t<div class=\"elementor-widget-wrap elementor-element-populated\">\n\t\t\t\t\t\t<div class=\"elementor-element elementor-element-eb11b8f bloco elementor-widget elementor-widget-text-editor\" data-id=\"eb11b8f\" data-element_type=\"widget\" data-e-type=\"widget\" data-widget_type=\"text-editor.default\">\n\t\t\t\t<div class=\"elementor-widget-container\">\n\t\t\t\t\t\t\t\t\t<p><strong>ESG com subst\u00e2ncia n\u00e3o s\u00f3 discurso<\/strong><\/p><p>Pr\u00e1ticas de ESG (Environmental, Social and Governance) deixaram de ser tend\u00eancia para se tornar exig\u00eancia. Mas entre ter uma pol\u00edtica de ESG no papel e implement\u00e1-la de verdade existe um abismo \u2014 e \u00e9 a\u00ed que entramos.<\/p><p>O setor de m\u00eddia, publicidade e produ\u00e7\u00e3o de conte\u00fado tem papel duplo nesse cen\u00e1rio: precisa adotar pr\u00e1ticas efetivas internamente E tem o poder de comunicar essas pr\u00e1ticas de forma que engaje e eduque. Document\u00e1rios, s\u00e9ries, v\u00eddeos institucionais \u2014 conte\u00fado bem feito transforma ESG de obriga\u00e7\u00e3o em oportunidade.<\/p><p><strong>COMO ATUAMOS:<\/strong><\/p><p><strong>Diagn\u00f3stico e Mapeamento<\/strong><\/p><p>Identificamos pontos sens\u00edveis nas pol\u00edticas e pr\u00e1ticas internas. Onde est\u00e3o os riscos? Onde est\u00e3o as oportunidades?<\/p><p><strong>Consultoria nos Pilares ESG<\/strong><\/p><p>Meio ambiente, governan\u00e7a, diversidade e inclus\u00e3o. Orienta\u00e7\u00e3o jur\u00eddica para cada frente.<\/p><p><strong>Suporte \u00e0 Produ\u00e7\u00e3o de Conte\u00fado ESG<\/strong><\/p><p>An\u00e1lise de risco jur\u00eddico, fact-checking e clearance para document\u00e1rios, s\u00e9ries e materiais institucionais sobre sustentabilidade e responsabilidade social.<\/p><p><strong>Treinamento de Equipes<\/strong><\/p><p>Capacita\u00e7\u00e3o de colaboradores para implementa\u00e7\u00e3o pr\u00e1tica da mentalidade ESG no dia a dia da opera\u00e7\u00e3o.<\/p>\t\t\t\t\t\t\t\t<\/div>\n\t\t\t\t<\/div>\n\t\t\t\t<div class=\"elementor-element elementor-element-b37af01 elementor-widget elementor-widget-accordion\" data-id=\"b37af01\" data-element_type=\"widget\" data-e-type=\"widget\" data-widget_type=\"accordion.default\">\n\t\t\t\t<div class=\"elementor-widget-container\">\n\t\t\t\t\t\t\t<div class=\"elementor-accordion\">\n\t\t\t\t\t\t\t<div class=\"elementor-accordion-item\">\n\t\t\t\t\t<div id=\"elementor-tab-title-1881\" class=\"elementor-tab-title\" data-tab=\"1\" role=\"button\" aria-controls=\"elementor-tab-content-1881\" aria-expanded=\"false\">\n\t\t\t\t\t\t\t\t\t\t\t\t\t<span class=\"elementor-accordion-icon elementor-accordion-icon-left\" aria-hidden=\"true\">\n\t\t\t\t\t\t\t\t\t\t\t\t\t\t\t<span class=\"elementor-accordion-icon-closed\"><i class=\"jki jki-arrow-alt-circle-right\"><\/i><\/span>\n\t\t\t\t\t\t\t\t<span class=\"elementor-accordion-icon-opened\"><svg class=\"e-font-icon-svg e-fas-minus\" viewbox=\"0 0 448 512\" xmlns=\"http:\/\/www.w3.org\/2000\/svg\"><path d=\"M416 208H32c-17.67 0-32 14.33-32 32v32c0 17.67 14.33 32 32 32h384c17.67 0 32-14.33 32-32v-32c0-17.67-14.33-32-32-32z\"><\/path><\/svg><\/span>\n\t\t\t\t\t\t\t\t\t\t\t\t\t\t<\/span>\n\t\t\t\t\t\t\t\t\t\t\t\t<a class=\"elementor-accordion-title\" tabindex=\"0\"> Mapping of sensitive points in internal policies and practices.<\/a>\n\t\t\t\t\t<\/div>\n\t\t\t\t\t<div id=\"elementor-tab-content-1881\" class=\"elementor-tab-content elementor-clearfix\" data-tab=\"1\" role=\"region\" aria-labelledby=\"elementor-tab-title-1881\"><\/div>\n\t\t\t\t<\/div>\n\t\t\t\t\t\t\t<div class=\"elementor-accordion-item\">\n\t\t\t\t\t<div id=\"elementor-tab-title-1882\" class=\"elementor-tab-title\" data-tab=\"2\" role=\"button\" aria-controls=\"elementor-tab-content-1882\" aria-expanded=\"false\">\n\t\t\t\t\t\t\t\t\t\t\t\t\t<span class=\"elementor-accordion-icon elementor-accordion-icon-left\" aria-hidden=\"true\">\n\t\t\t\t\t\t\t\t\t\t\t\t\t\t\t<span class=\"elementor-accordion-icon-closed\"><i class=\"jki jki-arrow-alt-circle-right\"><\/i><\/span>\n\t\t\t\t\t\t\t\t<span class=\"elementor-accordion-icon-opened\"><svg class=\"e-font-icon-svg e-fas-minus\" viewbox=\"0 0 448 512\" xmlns=\"http:\/\/www.w3.org\/2000\/svg\"><path d=\"M416 208H32c-17.67 0-32 14.33-32 32v32c0 17.67 14.33 32 32 32h384c17.67 0 32-14.33 32-32v-32c0-17.67-14.33-32-32-32z\"><\/path><\/svg><\/span>\n\t\t\t\t\t\t\t\t\t\t\t\t\t\t<\/span>\n\t\t\t\t\t\t\t\t\t\t\t\t<a class=\"elementor-accordion-title\" tabindex=\"0\">Consulting on various pillars (environment, governance, diversity, and inclusion).<\/a>\n\t\t\t\t\t<\/div>\n\t\t\t\t\t<div id=\"elementor-tab-content-1882\" class=\"elementor-tab-content elementor-clearfix\" data-tab=\"2\" role=\"region\" aria-labelledby=\"elementor-tab-title-1882\"><p>We specialize in legal matters related to freedom of expression, personality rights, copyright, and trademark law. We assess legal risks in materials during the development phase (such as scripts), conduct pre-publication reviews, and review fact-checking analyses for content development and production \u2014 including final cut clearance in post-production.<\/p><\/div>\n\t\t\t\t<\/div>\n\t\t\t\t\t\t\t<div class=\"elementor-accordion-item\">\n\t\t\t\t\t<div id=\"elementor-tab-title-1883\" class=\"elementor-tab-title\" data-tab=\"3\" role=\"button\" aria-controls=\"elementor-tab-content-1883\" aria-expanded=\"false\">\n\t\t\t\t\t\t\t\t\t\t\t\t\t<span class=\"elementor-accordion-icon elementor-accordion-icon-left\" aria-hidden=\"true\">\n\t\t\t\t\t\t\t\t\t\t\t\t\t\t\t<span class=\"elementor-accordion-icon-closed\"><i class=\"jki jki-arrow-alt-circle-right\"><\/i><\/span>\n\t\t\t\t\t\t\t\t<span class=\"elementor-accordion-icon-opened\"><svg class=\"e-font-icon-svg e-fas-minus\" viewbox=\"0 0 448 512\" xmlns=\"http:\/\/www.w3.org\/2000\/svg\"><path d=\"M416 208H32c-17.67 0-32 14.33-32 32v32c0 17.67 14.33 32 32 32h384c17.67 0 32-14.33 32-32v-32c0-17.67-14.33-32-32-32z\"><\/path><\/svg><\/span>\n\t\t\t\t\t\t\t\t\t\t\t\t\t\t<\/span>\n\t\t\t\t\t\t\t\t\t\t\t\t<a class=\"elementor-accordion-title\" tabindex=\"0\">Team and employee training for the implementation of internal policies and practices with an ESG mindset.<\/a>\n\t\t\t\t\t<\/div>\n\t\t\t\t\t<div id=\"elementor-tab-content-1883\" class=\"elementor-tab-content elementor-clearfix\" data-tab=\"3\" role=\"region\" aria-labelledby=\"elementor-tab-title-1883\"><\/div>\n\t\t\t\t<\/div>\n\t\t\t\t\t\t\t\t<\/div>\n\t\t\t\t\t\t<\/div>\n\t\t\t\t<\/div>\n\t\t\t\t\t<\/div>\n\t\t<\/div>\n\t\t\t\t<div class=\"elementor-column elementor-col-50 elementor-top-column elementor-element elementor-element-c9861b2\" data-id=\"c9861b2\" data-element_type=\"column\" data-e-type=\"column\">\n\t\t\t<div class=\"elementor-widget-wrap elementor-element-populated\">\n\t\t\t\t\t\t<section class=\"elementor-section elementor-inner-section elementor-element elementor-element-cbfdd2d elementor-section-content-middle elementor-section-boxed elementor-section-height-default elementor-section-height-default\" data-id=\"cbfdd2d\" data-element_type=\"section\" data-e-type=\"section\" data-settings=\"{&quot;background_background&quot;:&quot;classic&quot;}\">\n\t\t\t\t\t\t\t<div class=\"elementor-background-overlay\"><\/div>\n\t\t\t\t\t\t\t<div class=\"elementor-container elementor-column-gap-default\">\n\t\t\t\t\t<div class=\"elementor-column elementor-col-100 elementor-inner-column elementor-element elementor-element-8cb7e31\" data-id=\"8cb7e31\" data-element_type=\"column\" data-e-type=\"column\">\n\t\t\t<div class=\"elementor-widget-wrap elementor-element-populated\">\n\t\t\t\t\t\t<div class=\"elementor-element elementor-element-4c86441 elementor-widget elementor-widget-heading\" data-id=\"4c86441\" data-element_type=\"widget\" data-e-type=\"widget\" data-widget_type=\"heading.default\">\n\t\t\t\t<div class=\"elementor-widget-container\">\n\t\t\t\t\t<h2 class=\"elementor-heading-title elementor-size-default\">Get a Free Quote or Schedule an Appointment<\/h2>\t\t\t\t<\/div>\n\t\t\t\t<\/div>\n\t\t\t\t<div class=\"elementor-element elementor-element-d263e62 elementor-widget elementor-widget-text-editor\" data-id=\"d263e62\" data-element_type=\"widget\" data-e-type=\"widget\" data-widget_type=\"text-editor.default\">\n\t\t\t\t<div class=\"elementor-widget-container\">\n\t\t\t\t\t\t\t\t\t<p>Learn more about our services and schedule a consultation with no obligation.<\/p>\t\t\t\t\t\t\t\t<\/div>\n\t\t\t\t<\/div>\n\t\t\t\t<div class=\"elementor-element elementor-element-5118bb9 elementor-align-left elementor-widget elementor-widget-button\" data-id=\"5118bb9\" data-element_type=\"widget\" data-e-type=\"widget\" data-widget_type=\"button.default\">\n\t\t\t\t<div class=\"elementor-widget-container\">\n\t\t\t\t\t\t\t\t\t<div class=\"elementor-button-wrapper\">\n\t\t\t\t\t<a class=\"elementor-button elementor-button-link elementor-size-lg elementor-animation-float\" href=\"https:\/\/wa.me\/5511975521083\">\n\t\t\t\t\t\t<span class=\"elementor-button-content-wrapper\">\n\t\t\t\t\t\t\t\t\t<span class=\"elementor-button-text\">Schedule<\/span>\n\t\t\t\t\t<\/span>\n\t\t\t\t\t<\/a>\n\t\t\t\t<\/div>\n\t\t\t\t\t\t\t\t<\/div>\n\t\t\t\t<\/div>\n\t\t\t\t\t<\/div>\n\t\t<\/div>\n\t\t\t\t\t<\/div>\n\t\t<\/section>\n\t\t\t\t\t<\/div>\n\t\t<\/div>\n\t\t\t\t\t<\/div>\n\t\t<\/section>\n\t\t\t\t<\/div>","protected":false},"excerpt":{"rendered":"<p>ESG Environmental, Social and Governance ESG com subst\u00e2ncia n\u00e3o s\u00f3 discurso Pr\u00e1ticas de ESG (Environmental, Social and Governance) deixaram de ser tend\u00eancia para se tornar exig\u00eancia. Mas entre ter uma pol\u00edtica de ESG no papel e implement\u00e1-la de verdade existe um abismo \u2014 e \u00e9 a\u00ed que entramos. O setor de m\u00eddia, publicidade e produ\u00e7\u00e3o [&hellip;]<\/p>\n","protected":false},"author":1,"featured_media":0,"parent":0,"menu_order":0,"comment_status":"closed","ping_status":"closed","template":"","meta":{"footnotes":""},"class_list":["post-632","page","type-page","status-publish","hentry"],"_links":{"self":[{"href":"https:\/\/ellenmesquita.adv.br\/en\/wp-json\/wp\/v2\/pages\/632","targetHints":{"allow":["GET"]}}],"collection":[{"href":"https:\/\/ellenmesquita.adv.br\/en\/wp-json\/wp\/v2\/pages"}],"about":[{"href":"https:\/\/ellenmesquita.adv.br\/en\/wp-json\/wp\/v2\/types\/page"}],"author":[{"embeddable":true,"href":"https:\/\/ellenmesquita.adv.br\/en\/wp-json\/wp\/v2\/users\/1"}],"replies":[{"embeddable":true,"href":"https:\/\/ellenmesquita.adv.br\/en\/wp-json\/wp\/v2\/comments?post=632"}],"version-history":[{"count":31,"href":"https:\/\/ellenmesquita.adv.br\/en\/wp-json\/wp\/v2\/pages\/632\/revisions"}],"predecessor-version":[{"id":1549,"href":"https:\/\/ellenmesquita.adv.br\/en\/wp-json\/wp\/v2\/pages\/632\/revisions\/1549"}],"wp:attachment":[{"href":"https:\/\/ellenmesquita.adv.br\/en\/wp-json\/wp\/v2\/media?parent=632"}],"curies":[{"name":"wp","href":"https:\/\/api.w.org\/{rel}","templated":true}]}}